{"id":781,"date":"2017-02-09T08:45:13","date_gmt":"2017-02-09T08:45:13","guid":{"rendered":"http:\/\/dummy.xtemos.com\/basel\/vers\/?page_id=781"},"modified":"2022-12-12T12:01:01","modified_gmt":"2022-12-12T17:01:01","slug":"about-me","status":"publish","type":"page","link":"https:\/\/glfrancis.com\/?page_id=781","title":{"rendered":"Sobre Nosotros"},"content":{"rendered":"<p>[vc_row full_width=\u00bbstretch_row_content_no_spaces\u00bb content_placement=\u00bbmiddle\u00bb css=\u00bb.vc_custom_1451486211770{margin-top: -40px !important;margin-bottom: -40px !important;}\u00bb][vc_column offset=\u00bbvc_col-md-6&#8243;][vc_single_image image=\u00bb32029&#8243; img_size=\u00bb700&#215;1000&#8243; alignment=\u00bbcenter\u00bb css=\u00bb.vc_custom_1670864230606{margin-bottom: 0px !important;}\u00bb][vc_empty_space][\/vc_column][vc_column css=\u00bb.vc_custom_1485009354843{margin-top: 25px !important;margin-bottom: 40px !important;padding-right: 10% !important;padding-left: 10% !important;}\u00bb offset=\u00bbvc_col-md-6&#8243;][vc_single_image image=\u00bb31924&#8243; img_size=\u00bb150&#215;60&#8243; alignment=\u00bbcenter\u00bb css=\u00bb.vc_custom_1669828627234{margin-bottom: 30px !important;}\u00bb][vc_column_text css=\u00bb.vc_custom_1669828519256{padding-right: 30px !important;padding-left: 30px !important;}\u00bb]<\/p>\n<p style=\"text-align: center;\">Provenimos de una familia de agricultores tradicionales.<\/p>\n<p style=\"text-align: center;\">Desde de peque\u00f1os visitabamos a nuestros abuelos al valle de Sapichaca; quienes\u00a0\u00a0 ense\u00f1aban nuestros \u00a0padres las labor agr\u00edcola y el cultivo de la palta. Tambi\u00e9n les explicaba su forma visionaria de ver la agricultura.<\/p>\n<p style=\"text-align: center;\">A inicios de a\u00f1o 2015 formamos una Mype, con mucha ilusi\u00f3n e inexperiencia. Con la finalidad de buscar mejores mercados, para comercializar nuestra producci\u00f3n de palta.<\/p>\n<p style=\"text-align: center;\">Las exigencias de calidad para la comercializaci\u00f3n y el abuso por parte de los acopiadores hacia nosotros los productos; hac\u00edan que se generen grandes cantidades de palta de descarte. A ra\u00edz de este problema surgi\u00f3 la idea de darle valor agregado. Naciendo as\u00ed la idea de producir ACEITE DE PALTA- EXTRA VIRGEGEN.<\/p>\n<p>[\/vc_column_text]\t\t\t<link rel=\"stylesheet\" id=\"basel-el-social-icons-css\" href=\"https:\/\/glfrancis.com\/wp-content\/themes\/basel\/css\/parts\/el-social-icons.min.css?ver=5.6.1\" type=\"text\/css\" media=\"all\" \/> \t\t\t\n\t\t\t<ul class=\"social-icons text-center icons-design-circle icons-size-default social-share \">\n\t\t\t\t\t\t\t\t\t<li class=\"social-facebook\"><a rel=\"noopener noreferrer nofollow\" href=\"https:\/\/www.facebook.com\/sharer\/sharer.php?u=https:\/\/glfrancis.com\/?page_id=781\" target=\"_blank\" class=\"\"><i class=\"fa fa-facebook\"><\/i><span class=\"basel-social-icon-name\">Facebook<\/span><\/a><\/li>\n\t\t\t\t\n\t\t\t\t\n\t\t\t\t\n\t\t\t\t\n\t\t\t\t\n\t\t\t\t\n\t\t\t\t\n\t\t\t\t\n\t\t\t\t\n\t\t\t\t\n\t\t\t\t\n\t\t\t\t\n\t\t\t\t\n\t\t\t\t\n\t\t\t\t\n\t\t\t\t\n\t\t\t\t\t\t\t\t\n\t\t\t\t\n\t\t\t\t\n\t\t\t\t\n\t\t\t<\/ul>\n\n\t\t[\/vc_column][\/vc_row][vc_row][vc_column][\/vc_column][\/vc_row]<\/p>\n","protected":false},"excerpt":{"rendered":"<p>[vc_row full_width=\u00bbstretch_row_content_no_spaces\u00bb content_placement=\u00bbmiddle\u00bb css=\u00bb.vc_custom_1451486211770{margin-top: -40px !important;margin-bottom: -40px !important;}\u00bb][vc_column offset=\u00bbvc_col-md-6&#8243;][vc_single_image image=\u00bb32029&#8243; img_size=\u00bb700&#215;1000&#8243; alignment=\u00bbcenter\u00bb css=\u00bb.vc_custom_1670864230606{margin-bottom: 0px !important;}\u00bb][vc_empty_space][\/vc_column][vc_column css=\u00bb.vc_custom_1485009354843{margin-top: 25px !important;margin-bottom: 40px !important;padding-right:<\/p>\n","protected":false},"author":1,"featured_media":0,"parent":0,"menu_order":0,"comment_status":"closed","ping_status":"closed","template":"","meta":{"footnotes":""},"class_list":["post-781","page","type-page","status-publish","hentry"],"_links":{"self":[{"href":"https:\/\/glfrancis.com\/index.php?rest_route=\/wp\/v2\/pages\/781","targetHints":{"allow":["GET"]}}],"collection":[{"href":"https:\/\/glfrancis.com\/index.php?rest_route=\/wp\/v2\/pages"}],"about":[{"href":"https:\/\/glfrancis.com\/index.php?rest_route=\/wp\/v2\/types\/page"}],"author":[{"embeddable":true,"href":"https:\/\/glfrancis.com\/index.php?rest_route=\/wp\/v2\/users\/1"}],"replies":[{"embeddable":true,"href":"https:\/\/glfrancis.com\/index.php?rest_route=%2Fwp%2Fv2%2Fcomments&post=781"}],"version-history":[{"count":5,"href":"https:\/\/glfrancis.com\/index.php?rest_route=\/wp\/v2\/pages\/781\/revisions"}],"predecessor-version":[{"id":32033,"href":"https:\/\/glfrancis.com\/index.php?rest_route=\/wp\/v2\/pages\/781\/revisions\/32033"}],"wp:attachment":[{"href":"https:\/\/glfrancis.com\/index.php?rest_route=%2Fwp%2Fv2%2Fmedia&parent=781"}],"curies":[{"name":"wp","href":"https:\/\/api.w.org\/{rel}","templated":true}]}}